{"id":11,"date":"2016-04-23T11:05:37","date_gmt":"2016-04-23T11:05:37","guid":{"rendered":"http:\/\/oliversalz.de\/?page_id=11"},"modified":"2023-05-05T21:20:56","modified_gmt":"2023-05-05T19:20:56","slug":"ongametalk","status":"publish","type":"page","link":"https:\/\/oliversalz.de\/?page_id=11","title":{"rendered":"ONGameTalk"},"content":{"rendered":"<p><img fetchpriority=\"high\" decoding=\"async\" class=\"wp-image-148 size-full aligncenter\" src=\"https:\/\/oliversalz.de\/wp-content\/uploads\/2023\/03\/logotransparent.png\" alt=\"\" width=\"750\" height=\"200\" srcset=\"https:\/\/oliversalz.de\/wp-content\/uploads\/2023\/03\/logotransparent.png 750w, https:\/\/oliversalz.de\/wp-content\/uploads\/2023\/03\/logotransparent-300x80.png 300w\" sizes=\"(max-width: 750px) 100vw, 750px\" \/><\/p>\n<p>ONGameTalk wurde 2014 von den namensgebenden Gamern Oliver und Nick gegr\u00fcndet. Im Juni 2014 wurde aus einer kleinen Idee ein Entertainment Programm der besonderen Art auf YouTube realisiert. Zwischen Witz und den Mut Stellung zu beziehen liegt ein schmaler Grat. In einer Zeit in der Videospiele nur noch auf daily Let&#8217;s Plays und Online-Matches reduziert wird, muss die Wende kommen.<\/p>\n<p>Oliver und Nick machen es sich zur Aufgabe aus dem Schatten zu treten und gemeinsam die Spielewelt zu \u00fcberstehen und das auszusprechen was sich keiner traut. Wenn andere den Controller weglegen, heben Sie ihn auf und st\u00fcrzen sich erneut ins geschehen, bis auch der letzte Endboss sein virtuelles Leben l\u00e4sst.<\/p>\n<p>ONGameTalk steht f\u00fcr toleranz und Freundschaft in der digitalen Welt, aber auch im realen Leben.<\/p>\n<p><a href=\"http:\/\/ongametalk.de\">ONGameTalk.de<\/a><\/p>\n<p><center><iframe src=\"https:\/\/www.youtube.com\/embed\/Z0Nzg1s-KRo\" allowfullscreen=\"allowfullscreen\" width=\"560\" height=\"315\" frameborder=\"0\"><\/iframe><\/center><\/p>\n","protected":false},"excerpt":{"rendered":"<p>ONGameTalk wurde 2014 von den namensgebenden Gamern Oliver und Nick gegr\u00fcndet. Im Juni 2014 wurde aus einer kleinen Idee ein Entertainment Programm der besonderen Art auf YouTube realisiert. Zwischen Witz und den Mut Stellung zu beziehen liegt ein schmaler Grat. In einer Zeit in der Videospiele nur noch auf daily Let&#8217;s Plays und Online-Matches reduziert [&hellip;]<\/p>\n","protected":false},"author":1,"featured_media":0,"parent":0,"menu_order":0,"comment_status":"closed","ping_status":"closed","template":"fullwidth-page.php","meta":{"footnotes":""},"class_list":["post-11","page","type-page","status-publish","hentry"],"_links":{"self":[{"href":"https:\/\/oliversalz.de\/index.php?rest_route=\/wp\/v2\/pages\/11","targetHints":{"allow":["GET"]}}],"collection":[{"href":"https:\/\/oliversalz.de\/index.php?rest_route=\/wp\/v2\/pages"}],"about":[{"href":"https:\/\/oliversalz.de\/index.php?rest_route=\/wp\/v2\/types\/page"}],"author":[{"embeddable":true,"href":"https:\/\/oliversalz.de\/index.php?rest_route=\/wp\/v2\/users\/1"}],"replies":[{"embeddable":true,"href":"https:\/\/oliversalz.de\/index.php?rest_route=%2Fwp%2Fv2%2Fcomments&post=11"}],"version-history":[{"count":8,"href":"https:\/\/oliversalz.de\/index.php?rest_route=\/wp\/v2\/pages\/11\/revisions"}],"predecessor-version":[{"id":171,"href":"https:\/\/oliversalz.de\/index.php?rest_route=\/wp\/v2\/pages\/11\/revisions\/171"}],"wp:attachment":[{"href":"https:\/\/oliversalz.de\/index.php?rest_route=%2Fwp%2Fv2%2Fmedia&parent=11"}],"curies":[{"name":"wp","href":"https:\/\/api.w.org\/{rel}","templated":true}]}}