{"id":7,"date":"2016-04-23T11:05:14","date_gmt":"2016-04-23T11:05:14","guid":{"rendered":"http:\/\/oliversalz.de\/?page_id=7"},"modified":"2023-09-06T19:33:23","modified_gmt":"2023-09-06T17:33:23","slug":"oliver-salz","status":"publish","type":"page","link":"https:\/\/oliversalz.de\/?page_id=7","title":{"rendered":"Oliver Salz"},"content":{"rendered":"\t\t<div data-elementor-type=\"wp-post\" data-elementor-id=\"7\" class=\"elementor elementor-7\">\n\t\t\t\t\t\t<section class=\"elementor-section elementor-top-section elementor-element elementor-element-25e45be1 elementor-section-boxed elementor-section-height-default elementor-section-height-default\" data-id=\"25e45be1\" data-element_type=\"section\">\n\t\t\t\t\t\t<div class=\"elementor-container elementor-column-gap-default\">\n\t\t\t\t\t<div class=\"elementor-column elementor-col-100 elementor-top-column elementor-element elementor-element-6036af9d\" data-id=\"6036af9d\" data-element_type=\"column\">\n\t\t\t<div class=\"elementor-widget-wrap elementor-element-populated\">\n\t\t\t\t\t\t<div class=\"elementor-element elementor-element-344c9d3e elementor-widget elementor-widget-text-editor\" data-id=\"344c9d3e\" data-element_type=\"widget\" data-widget_type=\"text-editor.default\">\n\t\t\t\t<div class=\"elementor-widget-container\">\n\t\t\t\t\t\t\t\t\t<p><img fetchpriority=\"high\" decoding=\"async\" src=\"https:\/\/oliversalz.de\/wp-content\/uploads\/2016\/04\/Unbenannt-1.png\" alt=\"Unbenannt-1\" width=\"805\" height=\"200\" \/><\/p>\n<p>Ich bin Oliver Salz, ein Musiker, Content Creator, und Mediengestalter, der 1992 in Duisburg geboren wurde. <br \/>Die Musik hat mich schon seit meiner Kindheit fasziniert, insbesondere die Gitarre. <br \/>Ich habe schnell ein Talent f\u00fcr Saiteninstrumente entwickelt und begann in verschiedenen Bands zu spielen. Mit der Zeit erweiterte ich meine F\u00e4higkeiten und begann als Solomusiker in Erscheinung zu treten.\u00a0<\/p>\n<p>Mein Interesse an Musik und digitale Medien, f\u00fchrte mich dahin Beruflich den Weg des Mediengestalters einzuschlagen. 2018 schloss ich meine Ausbildung als Mediengestalter Digital und Print im Bereich der Gestaltung und Technik ab.<\/p>\n<p>Ich bin ein kreativer Mensch, der gerne neue Ideen ausprobiert und sich st\u00e4ndig weiterentwickelt. Mein Talent und meine Leidenschaft f\u00fcr die Musik und Technik machen mich zu einem einzigartigen K\u00fcnstler.<\/p>\n<p>Mehr zu meiner Musik findet ihr auch auf meinen neuen <a href=\"https:\/\/www.youtube.com\/channel\/UC2kc64sZ3pcNJiH3-YltSHw\" target=\"_blank\" rel=\"noopener\">YouTube<\/a> Kanal<\/p>\n<p>\u00a0<\/p>\t\t\t\t\t\t\t\t<\/div>\n\t\t\t\t<\/div>\n\t\t\t\t\t<\/div>\n\t\t<\/div>\n\t\t\t\t\t<\/div>\n\t\t<\/section>\n\t\t\t\t<section class=\"elementor-section elementor-top-section elementor-element elementor-element-2646f46 elementor-section-boxed elementor-section-height-default elementor-section-height-default\" data-id=\"2646f46\" data-element_type=\"section\">\n\t\t\t\t\t\t<div class=\"elementor-container elementor-column-gap-default\">\n\t\t\t\t\t<div class=\"elementor-column elementor-col-100 elementor-top-column elementor-element elementor-element-fb93623\" data-id=\"fb93623\" data-element_type=\"column\">\n\t\t\t<div class=\"elementor-widget-wrap elementor-element-populated\">\n\t\t\t\t\t\t<div class=\"elementor-element elementor-element-a8db9c1 elementor-widget elementor-widget-html\" data-id=\"a8db9c1\" data-element_type=\"widget\" data-widget_type=\"html.default\">\n\t\t\t\t<div class=\"elementor-widget-container\">\n\t\t\t\t\t<iframe width=\"560\" height=\"315\" src=\"https:\/\/www.youtube.com\/embed\/wlQmdinnLgQ?si=XpXCxYz72bpdXHzU\" title=\"YouTube video player\" frameborder=\"0\" allow=\"accelerometer; autoplay; clipboard-write; encrypted-media; gyroscope; picture-in-picture; web-share\" allowfullscreen><\/iframe>\t\t\t\t<\/div>\n\t\t\t\t<\/div>\n\t\t\t\t\t<\/div>\n\t\t<\/div>\n\t\t\t\t\t<\/div>\n\t\t<\/section>\n\t\t\t\t<\/div>\n\t\t","protected":false},"excerpt":{"rendered":"<p>Ich bin Oliver Salz, ein Musiker, Content Creator, und Mediengestalter, der 1992 in Duisburg geboren wurde. Die Musik hat mich schon seit meiner Kindheit fasziniert, insbesondere die Gitarre. Ich habe schnell ein Talent f\u00fcr Saiteninstrumente entwickelt und begann in verschiedenen Bands zu spielen. Mit der Zeit erweiterte ich meine F\u00e4higkeiten und begann als Solomusiker in [&hellip;]<\/p>\n","protected":false},"author":1,"featured_media":0,"parent":0,"menu_order":0,"comment_status":"closed","ping_status":"closed","template":"fullwidth-page.php","meta":{"footnotes":""},"class_list":["post-7","page","type-page","status-publish","hentry"],"_links":{"self":[{"href":"https:\/\/oliversalz.de\/index.php?rest_route=\/wp\/v2\/pages\/7","targetHints":{"allow":["GET"]}}],"collection":[{"href":"https:\/\/oliversalz.de\/index.php?rest_route=\/wp\/v2\/pages"}],"about":[{"href":"https:\/\/oliversalz.de\/index.php?rest_route=\/wp\/v2\/types\/page"}],"author":[{"embeddable":true,"href":"https:\/\/oliversalz.de\/index.php?rest_route=\/wp\/v2\/users\/1"}],"replies":[{"embeddable":true,"href":"https:\/\/oliversalz.de\/index.php?rest_route=%2Fwp%2Fv2%2Fcomments&post=7"}],"version-history":[{"count":32,"href":"https:\/\/oliversalz.de\/index.php?rest_route=\/wp\/v2\/pages\/7\/revisions"}],"predecessor-version":[{"id":183,"href":"https:\/\/oliversalz.de\/index.php?rest_route=\/wp\/v2\/pages\/7\/revisions\/183"}],"wp:attachment":[{"href":"https:\/\/oliversalz.de\/index.php?rest_route=%2Fwp%2Fv2%2Fmedia&parent=7"}],"curies":[{"name":"wp","href":"https:\/\/api.w.org\/{rel}","templated":true}]}}